{"id":736,"date":"2024-01-05T11:33:33","date_gmt":"2024-01-05T11:33:33","guid":{"rendered":"https:\/\/greenfields.hireawsexpert.com\/de\/?page_id=736"},"modified":"2024-02-17T18:58:27","modified_gmt":"2024-02-17T18:58:27","slug":"adjuvants","status":"publish","type":"page","link":"https:\/\/greenfields.hireawsexpert.com\/de\/adjuvants\/","title":{"rendered":"Adjuvantien"},"content":{"rendered":"\t\t<div data-elementor-type=\"wp-page\" data-elementor-id=\"736\" class=\"elementor elementor-736\">\n\t\t\t\t<div class=\"elementor-element elementor-element-1ae53c1 e-flex e-con-boxed e-con e-parent\" data-id=\"1ae53c1\" data-element_type=\"container\" data-settings=\"{&quot;background_background&quot;:&quot;slideshow&quot;,&quot;background_slideshow_gallery&quot;:[{&quot;id&quot;:&quot;862&quot;,&quot;url&quot;:&quot;https:\\\/\\\/greenfields.hireawsexpert.com\\\/de\\\/wp-content\\\/uploads\\\/2024\\\/01\\\/wheat-3506758_1920.jpg&quot;},{&quot;id&quot;:&quot;855&quot;,&quot;url&quot;:&quot;https:\\\/\\\/greenfields.hireawsexpert.com\\\/de\\\/wp-content\\\/uploads\\\/2024\\\/01\\\/wheats-6375838_1920.jpg&quot;}],&quot;container_type&quot;:&quot;flex&quot;,&quot;content_width&quot;:&quot;boxed&quot;,&quot;background_slideshow_loop&quot;:&quot;yes&quot;,&quot;background_slideshow_slide_duration&quot;:5000,&quot;background_slideshow_slide_transition&quot;:&quot;fade&quot;,&quot;background_slideshow_transition_duration&quot;:500}\" data-core-v316-plus=\"true\">\n\t\t\t\t\t<div class=\"e-con-inner\">\n\t\t<div class=\"elementor-element elementor-element-18da65a e-con-full e-flex e-con e-child\" data-id=\"18da65a\" data-element_type=\"container\" data-settings=\"{&quot;content_width&quot;:&quot;full&quot;,&quot;container_type&quot;:&quot;flex&quot;}\">\n\t\t\t\t<div class=\"elementor-element elementor-element-a4fb414 elementor-widget elementor-widget-heading\" data-id=\"a4fb414\" data-element_type=\"widget\" data-widget_type=\"heading.default\">\n\t\t\t\t<div class=\"elementor-widget-container\">\n\t\t\t<style>\/*! elementor - v3.19.0 - 07-02-2024 *\/\n.elementor-heading-title{padding:0;margin:0;line-height:1}.elementor-widget-heading .elementor-heading-title[class*=elementor-size-]>a{color:inherit;font-size:inherit;line-height:inherit}.elementor-widget-heading .elementor-heading-title.elementor-size-small{font-size:15px}.elementor-widget-heading .elementor-heading-title.elementor-size-medium{font-size:19px}.elementor-widget-heading .elementor-heading-title.elementor-size-large{font-size:29px}.elementor-widget-heading .elementor-heading-title.elementor-size-xl{font-size:39px}.elementor-widget-heading .elementor-heading-title.elementor-size-xxl{font-size:59px}<\/style><h1 class=\"elementor-heading-title elementor-size-default\">Adjuvantien<\/h1>\t\t<\/div>\n\t\t\t\t<\/div>\n\t\t\t\t<div class=\"elementor-element elementor-element-0062997 elementor-widget elementor-widget-heading\" data-id=\"0062997\" data-element_type=\"widget\" data-widget_type=\"heading.default\">\n\t\t\t\t<div class=\"elementor-widget-container\">\n\t\t\t<h2 class=\"elementor-heading-title elementor-size-default\">Adjuvantien sind Zusatzstoffe, die verwendet werden k\u00f6nnen, um die Aktivit\u00e4t von Pflanzenschutzprodukten zu verst\u00e4rken. <\/h2>\t\t<\/div>\n\t\t\t\t<\/div>\n\t\t\t\t<div class=\"elementor-element elementor-element-11f8fd6 elementor-widget elementor-widget-text-editor\" data-id=\"11f8fd6\" data-element_type=\"widget\" data-widget_type=\"text-editor.default\">\n\t\t\t\t<div class=\"elementor-widget-container\">\n\t\t\t<style>\/*! elementor - v3.19.0 - 07-02-2024 *\/\n.elementor-widget-text-editor.elementor-drop-cap-view-stacked .elementor-drop-cap{background-color:#69727d;color:#fff}.elementor-widget-text-editor.elementor-drop-cap-view-framed .elementor-drop-cap{color:#69727d;border:3px solid;background-color:transparent}.elementor-widget-text-editor:not(.elementor-drop-cap-view-default) .elementor-drop-cap{margin-top:8px}.elementor-widget-text-editor:not(.elementor-drop-cap-view-default) .elementor-drop-cap-letter{width:1em;height:1em}.elementor-widget-text-editor .elementor-drop-cap{float:left;text-align:center;line-height:1;font-size:50px}.elementor-widget-text-editor .elementor-drop-cap-letter{display:inline-block}<\/style>\t\t\t\t<p>Adjuvantien sind aktive Substanzen, die die Wirksamkeit von chemischen Pflanzenschutzprodukten erh\u00f6hen.<\/p>\t\t\t\t\t\t<\/div>\n\t\t\t\t<\/div>\n\t\t\t\t<\/div>\n\t\t<div class=\"elementor-element elementor-element-965f110 e-con-full e-flex e-con e-child\" data-id=\"965f110\" data-element_type=\"container\" data-settings=\"{&quot;content_width&quot;:&quot;full&quot;,&quot;container_type&quot;:&quot;flex&quot;}\">\n\t\t\t\t<\/div>\n\t\t\t\t\t<\/div>\n\t\t\t\t<\/div>\n\t\t<div class=\"elementor-element elementor-element-fc36b06 e-flex e-con-boxed e-con e-parent\" data-id=\"fc36b06\" data-element_type=\"container\" data-settings=\"{&quot;background_background&quot;:&quot;gradient&quot;,&quot;container_type&quot;:&quot;flex&quot;,&quot;content_width&quot;:&quot;boxed&quot;}\" data-core-v316-plus=\"true\">\n\t\t\t\t\t<div class=\"e-con-inner\">\n\t\t<div class=\"elementor-element elementor-element-7b6ec3b e-con-full e-flex e-con e-child\" data-id=\"7b6ec3b\" data-element_type=\"container\" data-settings=\"{&quot;content_width&quot;:&quot;full&quot;,&quot;container_type&quot;:&quot;flex&quot;}\">\n\t\t\t\t<div class=\"elementor-element elementor-element-4e87559 elementor-widget elementor-widget-heading\" data-id=\"4e87559\" data-element_type=\"widget\" data-widget_type=\"heading.default\">\n\t\t\t\t<div class=\"elementor-widget-container\">\n\t\t\t<h2 class=\"elementor-heading-title elementor-size-default\">Unsere Adjuvansprodukte<\/h2>\t\t<\/div>\n\t\t\t\t<\/div>\n\t\t\t\t<\/div>\n\t\t<div class=\"elementor-element elementor-element-99e6335 e-con-full e-flex e-con e-child\" data-id=\"99e6335\" data-element_type=\"container\" data-settings=\"{&quot;content_width&quot;:&quot;full&quot;,&quot;container_type&quot;:&quot;flex&quot;}\">\n\t\t\t\t<div class=\"elementor-element elementor-element-d73a860 eael-product-grid-column-tablet-2 eael-product-grid-column-4 elementor-widget elementor-widget-eicon-woocommerce\" data-id=\"d73a860\" data-element_type=\"widget\" data-widget_type=\"eicon-woocommerce.default\">\n\t\t\t\t<div class=\"elementor-widget-container\">\n\t\t\t\n        <div class=\"eael-product-grid eael-product-simple grid\" id=\"eael-product-grid\" data-widget-id=\"d73a860\" data-page-id=\"736\" data-nonce=\"2e378a2e24\" >\n            <div class=\"woocommerce\">\n                <ul class=\"products\" data-layout-mode=\"grid\">    <li class=\"product \">\n\t\t        <div class=\"eael-product-wrap\">\n\t\t\t<a href=\"https:\/\/greenfields.hireawsexpert.com\/de\/product\/vexzone\/\" class=\"woocommerce-LoopProduct-link woocommerce-loop-product__link\"><img fetchpriority=\"high\" decoding=\"async\" width=\"300\" height=\"300\" src=\"https:\/\/greenfields.hireawsexpert.com\/de\/wp-content\/uploads\/2023\/12\/Greenfields-adjuvants-300x300.png\" class=\"attachment-woocommerce_thumbnail size-woocommerce_thumbnail wvs-archive-product-image\" alt=\"\" loading=\"eager\" \/><\/a><div class=\"eael-product-title\">\n            <a href=\"https:\/\/greenfields.hireawsexpert.com\/de\/product\/vexzone\/\" class=\"woocommerce-LoopProduct-link woocommerce-loop-product__link\"><h2 class=\"woocommerce-loop-product__title\">Vexzone<\/h2><\/a>\n            <\/div>\t\t\t<a href=\"https:\/\/greenfields.hireawsexpert.com\/de\/product\/vexzone\/\" data-quantity=\"1\" class=\"button product_type_simple\" data-product_id=\"1113\" data-product_sku=\"\" aria-label=\"Read more about &ldquo;Vexzone&rdquo;\" aria-describedby=\"\" rel=\"nofollow\">View More<\/a>\t\t\t\n        <\/div>\n\n    <\/li>\n\t    <li class=\"product \">\n\t\t        <div class=\"eael-product-wrap\">\n\t\t\t<a href=\"https:\/\/greenfields.hireawsexpert.com\/de\/product\/vextasil\/\" class=\"woocommerce-LoopProduct-link woocommerce-loop-product__link\"><img fetchpriority=\"high\" decoding=\"async\" width=\"300\" height=\"300\" src=\"https:\/\/greenfields.hireawsexpert.com\/de\/wp-content\/uploads\/2023\/12\/Greenfields-adjuvants-300x300.png\" class=\"attachment-woocommerce_thumbnail size-woocommerce_thumbnail wvs-archive-product-image\" alt=\"\" loading=\"eager\" \/><\/a><div class=\"eael-product-title\">\n            <a href=\"https:\/\/greenfields.hireawsexpert.com\/de\/product\/vextasil\/\" class=\"woocommerce-LoopProduct-link woocommerce-loop-product__link\"><h2 class=\"woocommerce-loop-product__title\">Vextasil<\/h2><\/a>\n            <\/div>\t\t\t<a href=\"https:\/\/greenfields.hireawsexpert.com\/de\/product\/vextasil\/\" data-quantity=\"1\" class=\"button product_type_simple\" data-product_id=\"1112\" data-product_sku=\"\" aria-label=\"Read more about &ldquo;Vextasil&rdquo;\" aria-describedby=\"\" rel=\"nofollow\">View More<\/a>\t\t\t\n        <\/div>\n\n    <\/li>\n\t    <li class=\"product \">\n\t\t        <div class=\"eael-product-wrap\">\n\t\t\t<a href=\"https:\/\/greenfields.hireawsexpert.com\/de\/product\/sipspray12e\/\" class=\"woocommerce-LoopProduct-link woocommerce-loop-product__link\"><img fetchpriority=\"high\" decoding=\"async\" width=\"300\" height=\"300\" src=\"https:\/\/greenfields.hireawsexpert.com\/de\/wp-content\/uploads\/2023\/12\/Greenfields-adjuvants-300x300.png\" class=\"attachment-woocommerce_thumbnail size-woocommerce_thumbnail wvs-archive-product-image\" alt=\"\" loading=\"eager\" \/><\/a><div class=\"eael-product-title\">\n            <a href=\"https:\/\/greenfields.hireawsexpert.com\/de\/product\/sipspray12e\/\" class=\"woocommerce-LoopProduct-link woocommerce-loop-product__link\"><h2 class=\"woocommerce-loop-product__title\">Sipspray12E<\/h2><\/a>\n            <\/div>\t\t\t<a href=\"https:\/\/greenfields.hireawsexpert.com\/de\/product\/sipspray12e\/\" data-quantity=\"1\" class=\"button product_type_simple\" data-product_id=\"1073\" data-product_sku=\"\" aria-label=\"Read more about &ldquo;Sipspray12E&rdquo;\" aria-describedby=\"\" rel=\"nofollow\">View More<\/a>\t\t\t\n        <\/div>\n\n    <\/li>\n\t    <li class=\"product \">\n\t\t        <div class=\"eael-product-wrap\">\n\t\t\t<a href=\"https:\/\/greenfields.hireawsexpert.com\/de\/product\/atta-popsy\/\" class=\"woocommerce-LoopProduct-link woocommerce-loop-product__link\"><img fetchpriority=\"high\" decoding=\"async\" width=\"300\" height=\"300\" src=\"https:\/\/greenfields.hireawsexpert.com\/de\/wp-content\/uploads\/2023\/12\/Greenfields-adjuvants-300x300.png\" class=\"attachment-woocommerce_thumbnail size-woocommerce_thumbnail wvs-archive-product-image\" alt=\"\" loading=\"eager\" \/><\/a><div class=\"eael-product-title\">\n            <a href=\"https:\/\/greenfields.hireawsexpert.com\/de\/product\/atta-popsy\/\" class=\"woocommerce-LoopProduct-link woocommerce-loop-product__link\"><h2 class=\"woocommerce-loop-product__title\">Atta Popsy<\/h2><\/a>\n            <\/div>\t\t\t<a href=\"https:\/\/greenfields.hireawsexpert.com\/de\/product\/atta-popsy\/\" data-quantity=\"1\" class=\"button product_type_simple\" data-product_id=\"585\" data-product_sku=\"\" aria-label=\"Read more about &ldquo;Atta Popsy&rdquo;\" aria-describedby=\"\" rel=\"nofollow\">View More<\/a>\t\t\t\n        <\/div>\n\n    <\/li>\n\t<\/ul>            <\/div>\n        <\/div>\n\n        <script type=\"text\/javascript\">\n            jQuery(document).ready(function($) {\n                var $scope = jQuery(\".elementor-element-d73a860\");\n                var $products = $('.products', $scope);\n                var $layout_mode = $products.data('layout-mode');\n                \n                if ( $layout_mode === 'masonry' ) {\n                    \/\/ init isotope\n                    var $isotope_products = $products.isotope({\n                        itemSelector: \"li.product\",\n                        layoutMode: $layout_mode,\n                        percentPosition: true\n                    });\n\n                    $isotope_products.imagesLoaded().progress( function() {\n                        $isotope_products.isotope('layout');\n                    })\n\n                    $(window).on('resize', function() {\n                        $isotope_products.isotope('layout');\n                    });\n                }\n            });\n        <\/script>\n        \t\t<\/div>\n\t\t\t\t<\/div>\n\t\t\t\t<\/div>\n\t\t\t\t\t<\/div>\n\t\t\t\t<\/div>\n\t\t\t\t<\/div>\n\t\t","protected":false},"excerpt":{"rendered":"<p>\/*! elementor &#8211; v3.19.0 &#8211; 07-02-2024 *\/ .elementor-heading-title{padding:0;margin:0;line-height:1}.elementor-widget-heading .elementor-heading-title[class*=elementor-size-]&gt;a{color:inherit;font-size:inherit;line-height:inherit}.elementor-widget-heading .elementor-heading-title.elementor-size-small{font-size:15px}.elementor-widget-heading .elementor-heading-title.elementor-size-medium{font-size:19px}.elementor-widget-heading .elementor-heading-title.elementor-size-large{font-size:29px}.elementor-widget-heading .elementor-heading-title.elementor-size-xl{font-size:39px}.elementor-widget-heading .elementor-heading-title.elementor-size-xxl{font-size:59px} Adjuvantien Adjuvantien sind Zusatzstoffe, die verwendet werden k\u00f6nnen, um die Aktivit\u00e4t von Pflanzenschutzprodukten zu verst\u00e4rken. Adjuvantien sind aktive Substanzen, die die Wirksamkeit von chemischen Pflanzenschutzprodukten erh\u00f6hen. Unsere Adjuvansprodukte Vexzone View More Vextasil View More Sipspray12E View More Atta Popsy View More<\/p>\n","protected":false},"author":1,"featured_media":0,"parent":0,"menu_order":0,"comment_status":"closed","ping_status":"closed","template":"","meta":{"footnotes":""},"class_list":["post-736","page","type-page","status-publish","hentry","entry","has-media","owp-thumbs-layout-horizontal","owp-btn-normal","owp-tabs-layout-horizontal","has-no-thumbnails","has-product-nav"],"_links":{"self":[{"href":"https:\/\/greenfields.hireawsexpert.com\/de\/wp-json\/wp\/v2\/pages\/736","targetHints":{"allow":["GET"]}}],"collection":[{"href":"https:\/\/greenfields.hireawsexpert.com\/de\/wp-json\/wp\/v2\/pages"}],"about":[{"href":"https:\/\/greenfields.hireawsexpert.com\/de\/wp-json\/wp\/v2\/types\/page"}],"author":[{"embeddable":true,"href":"https:\/\/greenfields.hireawsexpert.com\/de\/wp-json\/wp\/v2\/users\/1"}],"replies":[{"embeddable":true,"href":"https:\/\/greenfields.hireawsexpert.com\/de\/wp-json\/wp\/v2\/comments?post=736"}],"version-history":[{"count":35,"href":"https:\/\/greenfields.hireawsexpert.com\/de\/wp-json\/wp\/v2\/pages\/736\/revisions"}],"predecessor-version":[{"id":1259,"href":"https:\/\/greenfields.hireawsexpert.com\/de\/wp-json\/wp\/v2\/pages\/736\/revisions\/1259"}],"wp:attachment":[{"href":"https:\/\/greenfields.hireawsexpert.com\/de\/wp-json\/wp\/v2\/media?parent=736"}],"curies":[{"name":"wp","href":"https:\/\/api.w.org\/{rel}","templated":true}]}}